{"id":2,"date":"2023-10-18T19:19:04","date_gmt":"2023-10-18T19:19:04","guid":{"rendered":"http:\/\/frigarui.md\/?page_id=2"},"modified":"2023-10-18T22:46:10","modified_gmt":"2023-10-18T22:46:10","slug":"frigarui-md-magazin-de-carne-din-chisinau","status":"publish","type":"page","link":"https:\/\/frigarui.md\/index.php\/frigarui-md-magazin-de-carne-din-chisinau\/","title":{"rendered":"Frig\u0103rui.md &#8211; Magazin de carne din Chi\u0219in\u0103u"},"content":{"rendered":"\n<p><strong>Frig\u0103rui.md<\/strong> este un site web care ofer\u0103 livrare de frig\u0103rui la domiciliu \u00een Chi\u0219in\u0103u, Moldova. Frig\u0103ruile sunt preparate din carne de porc, pui sau vit\u0103, marinate \u00een condimente \u0219i legume proaspete, \u0219i apoi gr\u0103tarate la perfec\u021biune.<\/p>\n\n\n\n<blockquote class=\"wp-block-quote is-layout-flow wp-block-quote-is-layout-flow\">\n<p>Site-ul web este u\u0219or de utilizat, iar comanda se poate face \u00een doar c\u00e2teva clicuri. Selecteaz\u0103 tipul de frig\u0103rui dorit, cantitatea, \u0219i adaug\u0103-le \u00een co\u0219. Apoi, completeaz\u0103 datele de contact \u0219i adresa de livrare. Plata se poate face online cu cardul bancar sau \u00een numerar la livrare.<\/p>\n<\/blockquote>\n\n\n\n<p><strong>Frig\u0103ruile sunt livrate calde \u0219i proaspete, direct de pe gr\u0103tar. Comanda ta va ajunge la tine \u00een cel mai scurt timp, astfel \u00eenc\u00e2t s\u0103 te po\u021bi bucura de o mas\u0103 delicioas\u0103 \u0219i s\u0103n\u0103toas\u0103.<\/strong><\/p>\n\n\n\n<blockquote class=\"wp-block-quote is-layout-flow wp-block-quote-is-layout-flow\">\n<p><strong>Pe l\u00e2ng\u0103 carnea proasp\u0103t\u0103 \u0219i de calitate, frigarui.md ofer\u0103 \u0219i o varietate de b\u0103uturi, br\u00e2nzeturi \u0219i accesorii pentru gr\u0103tar.<\/strong><\/p>\n<\/blockquote>\n\n\n\n<p>Frig\u0103rui.md este alegerea perfect\u0103 pentru o mas\u0103 rapid\u0103 \u0219i delicioas\u0103, cu prietenii sau familia. Comanda acum \u0219i bucur\u0103-te de cele mai bune frig\u0103rui din Chi\u0219in\u0103u!<\/p>\n\n\n\n<p>Poft\u0103 bun\u0103!<\/p>\n","protected":false},"excerpt":{"rendered":"<div class=\"entry-summary\">\nFrig\u0103rui.md este un site web care ofer\u0103 livrare de frig\u0103rui la domiciliu&hellip;\n<\/div>\n<div class=\"link-more\"><a href=\"https:\/\/frigarui.md\/index.php\/frigarui-md-magazin-de-carne-din-chisinau\/\" class=\"more-link\">Cite\u0219te mai mult<span class=\"screen-reader-text\"> &ldquo;Frig\u0103rui.md &#8211; Magazin de carne din Chi\u0219in\u0103u&rdquo;<\/span>&hellip;<\/a><\/div>\n","protected":false},"author":1,"featured_media":0,"parent":0,"menu_order":0,"comment_status":"closed","ping_status":"closed","template":"","meta":{"footnotes":""},"class_list":["post-2","page","type-page","status-publish","hentry","entry"],"_links":{"self":[{"href":"https:\/\/frigarui.md\/index.php\/wp-json\/wp\/v2\/pages\/2","targetHints":{"allow":["GET"]}}],"collection":[{"href":"https:\/\/frigarui.md\/index.php\/wp-json\/wp\/v2\/pages"}],"about":[{"href":"https:\/\/frigarui.md\/index.php\/wp-json\/wp\/v2\/types\/page"}],"author":[{"embeddable":true,"href":"https:\/\/frigarui.md\/index.php\/wp-json\/wp\/v2\/users\/1"}],"replies":[{"embeddable":true,"href":"https:\/\/frigarui.md\/index.php\/wp-json\/wp\/v2\/comments?post=2"}],"version-history":[{"count":8,"href":"https:\/\/frigarui.md\/index.php\/wp-json\/wp\/v2\/pages\/2\/revisions"}],"predecessor-version":[{"id":39,"href":"https:\/\/frigarui.md\/index.php\/wp-json\/wp\/v2\/pages\/2\/revisions\/39"}],"wp:attachment":[{"href":"https:\/\/frigarui.md\/index.php\/wp-json\/wp\/v2\/media?parent=2"}],"curies":[{"name":"wp","href":"https:\/\/api.w.org\/{rel}","templated":true}]}}